{"id":364,"date":"2024-03-19T08:28:37","date_gmt":"2024-03-19T11:28:37","guid":{"rendered":"https:\/\/lp.educarte.academy\/?post_type=product&#038;p=364"},"modified":"2024-04-01T00:58:11","modified_gmt":"2024-04-01T03:58:11","slug":"llp-3a-1s","status":"publish","type":"product","link":"https:\/\/lp.educarte.academy\/index.php\/produto\/llp-3a-1s\/","title":{"rendered":"Li\u00e7\u00f5es de L\u00edngua Portuguesa &#8211; 3\u00ba ano &#8211; 1\u00ba semestre"},"content":{"rendered":"<div class=\"page\" title=\"Page 7\">\n<div class=\"section\">\n<div class=\"layoutArea\">\n<div class=\"column\">\n<div class=\"layoutArea\">\n<table>\n<tbody>\n<tr>\n<td><img fetchpriority=\"high\" decoding=\"async\" class=\" wp-image-98 alignleft\" src=\"https:\/\/lp.educarte.academy\/wp-content\/uploads\/2024\/02\/WhatsApp-Image-2024-02-17-at-11.49.03-300x200.jpeg\" alt=\"\" width=\"469\" height=\"312\" srcset=\"https:\/\/lp.educarte.academy\/wp-content\/uploads\/2024\/02\/WhatsApp-Image-2024-02-17-at-11.49.03-300x200.jpeg 300w, https:\/\/lp.educarte.academy\/wp-content\/uploads\/2024\/02\/WhatsApp-Image-2024-02-17-at-11.49.03-1024x682.jpeg 1024w, https:\/\/lp.educarte.academy\/wp-content\/uploads\/2024\/02\/WhatsApp-Image-2024-02-17-at-11.49.03-768x512.jpeg 768w, https:\/\/lp.educarte.academy\/wp-content\/uploads\/2024\/02\/WhatsApp-Image-2024-02-17-at-11.49.03-1536x1023.jpeg 1536w, https:\/\/lp.educarte.academy\/wp-content\/uploads\/2024\/02\/WhatsApp-Image-2024-02-17-at-11.49.03-1320x879.jpeg 1320w, https:\/\/lp.educarte.academy\/wp-content\/uploads\/2024\/02\/WhatsApp-Image-2024-02-17-at-11.49.03-600x400.jpeg 600w, https:\/\/lp.educarte.academy\/wp-content\/uploads\/2024\/02\/WhatsApp-Image-2024-02-17-at-11.49.03.jpeg 1600w\" sizes=\"(max-width: 469px) 100vw, 469px\" \/><\/td>\n<td>\n<ul>\n<li>60 li\u00e7\u00f5es em 173 p\u00e1ginas<\/li>\n<li>Idade sugerida: 7 e 8 anos (3\u00ba ano, 1\u00ba semestre)<\/li>\n<li>4 li\u00e7\u00f5es por semana<\/li>\n<li>1 semestre de estudo<\/li>\n<li>Autoexplicativo e simples de usar<\/li>\n<li>Interpreta\u00e7\u00e3o de texto, vocabul\u00e1rio, ortografia, gram\u00e1tica e composi\u00e7\u00e3o textual<\/li>\n<li>Acompanha espelho com respostas das atividades (gabarito)<\/li>\n<li>O material \u00e9 disponibilizado em PDF imediatamente ap\u00f3s a compra (n\u00e3o h\u00e1 envio de livro f\u00edsico)<\/li>\n<\/ul>\n<\/td>\n<\/tr>\n<\/tbody>\n<\/table>\n<table>\n<tbody>\n<tr>\n<td>Pensado para alunos e educadores: est\u00e1 organizado em li\u00e7\u00f5es di\u00e1rias, considerando uma semana de quatro dias. S\u00e3o quatro li\u00e7\u00f5es por semana. No dia \u201clivre\u201d, o educador pode revisar o conte\u00fado da semana ou trabalhar outros conte\u00fados que entender apropriados.<\/p>\n<p>Textos ricos em conte\u00fado e valores: em cada semana um texto \u00e9 trabalhado. Os textos foram selecionados cuidadosamente com o objetivo de se apresentar \u00e0s crian\u00e7as diferentes g\u00eaneros textuais, com linguagem adequada \u00e0 idade e conte\u00fado pr\u00f3prio ao desenvolvimento da cogni\u00e7\u00e3o e dos valores educacionais.<\/p>\n<p>N\u00e3o \u00e9 s\u00f3 l\u00edngua portuguesa: os textos s\u00e3o compostos por contos, f\u00e1bulas, poemas, textos descritivos e informativos de hist\u00f3ria e geografia, hist\u00f3rias b\u00edblicas e hist\u00f3rias de literatura infantil. Atrav\u00e9s dos textos, a crian\u00e7a aprende o conte\u00fado pr\u00f3prio da l\u00edngua portuguesa enquanto tem contato com hist\u00f3ria, geografia, conhecimentos gerais e literatura cl\u00e1ssica infantil.<\/p>\n<p>Para dominar: nas tr\u00eas primeiras li\u00e7\u00f5es da semana s\u00e3o abordados interpreta\u00e7\u00e3o de texto, vocabul\u00e1rio, ortografia e li\u00e7\u00e3o gramatical. A composi\u00e7\u00e3o textual \u00e9 trabalhada sempre na quarta li\u00e7\u00e3o da semana.<\/p>\n<p>Revis\u00e3o constante: o material \u00e9 organizado de modo a assegurar que a crian\u00e7a revise os conte\u00fados abordados.<\/td>\n<td width=\"50%\"><img decoding=\"async\" src=\"https:\/\/lp.educarte.academy\/wp-content\/uploads\/2024\/02\/WhatsApp-Image-2024-02-17-at-11.49.04-300x199.jpeg\" alt=\"\" width=\"470\" height=\"312\" \/><\/td>\n<\/tr>\n<\/tbody>\n<\/table>\n<p>Conhe\u00e7a o conte\u00fado:<\/p>\n<ul>\n<li>Vogais e consoantes<\/li>\n<li>Vogais t\u00f4nicas e \u00e1tonas<\/li>\n<li>Ordem alfab\u00e9tica<\/li>\n<li>Frases afirmativas e negativas<\/li>\n<li>Divis\u00e3o sil\u00e1bica<\/li>\n<li>S\u00edlaba t\u00f4nica<\/li>\n<li>s e ss<\/li>\n<li>h<\/li>\n<li>m e n<\/li>\n<li>Encontro voc\u00e1lico e consonantal<\/li>\n<li>Aumentativo e diminutivo<\/li>\n<li>c e sc<\/li>\n<li>g e j<\/li>\n<li>Ox\u00edtonas, parox\u00edtonas e proparox\u00edtonas<\/li>\n<li>Lh<\/li>\n<li>Acento agudo e circunflexo<\/li>\n<li>\u00e3o<\/li>\n<li>z e x<\/li>\n<li>r e rr<\/li>\n<li>V\u00edrgula<\/li>\n<li>Vogal e semivogal<\/li>\n<li>c e \u00e7<\/li>\n<li>z<\/li>\n<li>Ditongo, tritongo e hiato<\/li>\n<li>Substantivos<\/li>\n<li>s e sc<\/li>\n<li>Verbo<\/li>\n<\/ul>\n<div class=\"layoutArea\">\n<h4>Baixe uma amostra <a href=\"https:\/\/lp.educarte.academy\/wp-content\/uploads\/2024\/02\/Licoes-do-3o-ano-Amostra.pdf\">aqui<\/a>.<\/h4>\n<\/div>\n<\/div>\n<\/div>\n<\/div>\n<\/div>\n<\/div>\n","protected":false},"excerpt":{"rendered":"<div class=\"page\" title=\"Page 7\">\n<div class=\"section\">\n<div class=\"layoutArea\">\n<div class=\"column\">\n<p>O livro &#8220;Lic\u0327o\u0303es de Li\u0301ngua Portuguesa 3o ano 1o Semestre&#8221; aborda o conteu\u0301do previsto para o primeiro semestre do 3o ano do ensino fundamental. Ele foi elaborado para crianc\u0327as ja\u0301 alfabetizadas, que agora precisam avanc\u0327ar no conhecimento de nossa li\u0301ngua.<\/p>\n<\/div>\n<\/div>\n<\/div>\n<\/div>\n","protected":false},"featured_media":16,"comment_status":"open","ping_status":"closed","template":"","meta":[],"product_cat":[20],"product_tag":[],"jetpack_sharing_enabled":true,"_links":{"self":[{"href":"https:\/\/lp.educarte.academy\/index.php\/wp-json\/wp\/v2\/product\/364"}],"collection":[{"href":"https:\/\/lp.educarte.academy\/index.php\/wp-json\/wp\/v2\/product"}],"about":[{"href":"https:\/\/lp.educarte.academy\/index.php\/wp-json\/wp\/v2\/types\/product"}],"replies":[{"embeddable":true,"href":"https:\/\/lp.educarte.academy\/index.php\/wp-json\/wp\/v2\/comments?post=364"}],"wp:featuredmedia":[{"embeddable":true,"href":"https:\/\/lp.educarte.academy\/index.php\/wp-json\/wp\/v2\/media\/16"}],"wp:attachment":[{"href":"https:\/\/lp.educarte.academy\/index.php\/wp-json\/wp\/v2\/media?parent=364"}],"wp:term":[{"taxonomy":"product_cat","embeddable":true,"href":"https:\/\/lp.educarte.academy\/index.php\/wp-json\/wp\/v2\/product_cat?post=364"},{"taxonomy":"product_tag","embeddable":true,"href":"https:\/\/lp.educarte.academy\/index.php\/wp-json\/wp\/v2\/product_tag?post=364"}],"curies":[{"name":"wp","href":"https:\/\/api.w.org\/{rel}","templated":true}]}}